{"id":6,"date":"2021-10-02T16:18:56","date_gmt":"2021-10-02T16:18:56","guid":{"rendered":"https:\/\/szervizmbt.hu\/?page_id=6"},"modified":"2023-09-24T06:54:09","modified_gmt":"2023-09-24T08:54:09","slug":"rolunk","status":"publish","type":"page","link":"https:\/\/szervizmbt.hu\/","title":{"rendered":"Gar\u00e1zsipar, Munkav\u00e9delem"},"content":{"rendered":"\r\n<p><em><strong>\u00a0<\/strong><\/em><\/p>\r\n<p style=\"text-align: center;\">28 \u00e9ve a gar\u00e1zsipar szolg\u00e1lat\u00e1ban.<\/p>\r\n<p style=\"text-align: center;\">Az oldal fejleszt\u00e9s alatt!<\/p>\r\n<p style=\"text-align: center;\"><strong>Kapcsolat: szervizmbt@szervizmbt.hu<\/strong><\/p>\r\n<p>&nbsp;<\/p>\r\n","protected":false},"excerpt":{"rendered":"<p>\u00a0 28 \u00e9ve a gar\u00e1zsipar szolg\u00e1lat\u00e1ban. Az oldal fejleszt\u00e9s alatt! Kapcsolat: szervizmbt@szervizmbt.hu &nbsp;<\/p>\n","protected":false},"author":1,"featured_media":0,"parent":0,"menu_order":0,"comment_status":"closed","ping_status":"closed","template":"","meta":{"footnotes":""},"class_list":["post-6","page","type-page","status-publish","hentry","entry"],"_links":{"self":[{"href":"https:\/\/szervizmbt.hu\/index.php\/wp-json\/wp\/v2\/pages\/6","targetHints":{"allow":["GET"]}}],"collection":[{"href":"https:\/\/szervizmbt.hu\/index.php\/wp-json\/wp\/v2\/pages"}],"about":[{"href":"https:\/\/szervizmbt.hu\/index.php\/wp-json\/wp\/v2\/types\/page"}],"author":[{"embeddable":true,"href":"https:\/\/szervizmbt.hu\/index.php\/wp-json\/wp\/v2\/users\/1"}],"replies":[{"embeddable":true,"href":"https:\/\/szervizmbt.hu\/index.php\/wp-json\/wp\/v2\/comments?post=6"}],"version-history":[{"count":10,"href":"https:\/\/szervizmbt.hu\/index.php\/wp-json\/wp\/v2\/pages\/6\/revisions"}],"predecessor-version":[{"id":63,"href":"https:\/\/szervizmbt.hu\/index.php\/wp-json\/wp\/v2\/pages\/6\/revisions\/63"}],"wp:attachment":[{"href":"https:\/\/szervizmbt.hu\/index.php\/wp-json\/wp\/v2\/media?parent=6"}],"curies":[{"name":"wp","href":"https:\/\/api.w.org\/{rel}","templated":true}]}}